{"id":191,"date":"2021-07-08T09:38:26","date_gmt":"2021-07-08T09:38:26","guid":{"rendered":"https:\/\/wp-landing.digitlean.com\/fooldal\/"},"modified":"2021-07-28T09:55:37","modified_gmt":"2021-07-28T09:55:37","slug":"fooldal","status":"publish","type":"page","link":"https:\/\/digitlean.com\/en\/","title":{"rendered":"Home"},"content":{"rendered":"<div id='layer_slider_1'  class='avia-layerslider main_color avia-shadow  avia-builder-el-0  el_before_av_section  avia-builder-el-first  container_wrap sidebar_right'  style='height: 751px;'  ><\/div>\n\n<style type=\"text\/css\" id=\"style-css-av-3joe1-26fb69196681b6426ed43ae6fef86b51\">\n.avia-section.av-3joe1-26fb69196681b6426ed43ae6fef86b51{\nbackground-repeat:no-repeat;\nbackground-image:url(https:\/\/digitlean.com\/wp-content\/uploads\/2021\/07\/szinszekcio_fooldal.png);\nbackground-position:bottom left;\nbackground-attachment:scroll;\n}\n<\/style>\n<div id='av_section_1'  class='avia-section av-3joe1-26fb69196681b6426ed43ae6fef86b51 main_color avia-section-large avia-no-border-styling  avia-builder-el-1  el_after_av_layerslider  avia-builder-el-last  avia-bg-style-scroll  container_wrap sidebar_right'  data-section-bg-repeat='no-repeat'><div class='container av-section-cont-open' ><div class='template-page content  av-content-small alpha units'><div class='post-entry post-entry-type-page post-entry-191'><div class='entry-content-wrapper clearfix'>\n\n<style type=\"text\/css\" id=\"style-css-av-2vimx-d6e905ff5647a13d667331549cebe0f8\">\n#top .flex_column.av-2vimx-d6e905ff5647a13d667331549cebe0f8{\nborder-radius:0px;\n-webkit-border-radius:0px;\n-moz-border-radius:0px;\npadding:0px;\n}\n<\/style>\n<div class='flex_column av-2vimx-d6e905ff5647a13d667331549cebe0f8 av_one_full  avia-builder-el-2  el_before_av_one_third  avia-builder-el-first  first flex_column_div av-zero-column-padding '   ><style type=\"text\/css\" id=\"style-css-av-krbsm1xl-8288961b6f5c49a39e5b6f2e9079c65c\">\n#top .av-special-heading.av-krbsm1xl-8288961b6f5c49a39e5b6f2e9079c65c{\npadding-bottom:0px;\nfont-size:35px;\n}\n.av-special-heading.av-krbsm1xl-8288961b6f5c49a39e5b6f2e9079c65c .av-subheading{\nfont-size:18px;\n}\n<\/style>\n<div  class='av-special-heading av-krbsm1xl-8288961b6f5c49a39e5b6f2e9079c65c av-special-heading-h2 blockquote modern-quote modern-centered  avia-builder-el-3  avia-builder-el-no-sibling  av-inherit-size '><h2 class='av-special-heading-tag  av-medium-font-size-overwrite av-medium-font-size-30 av-small-font-size-overwrite av-small-font-size-28 av-mini-font-size-overwrite av-mini-font-size-24'  itemprop=\"headline\"  >The comfort real-time management with DIGITLEAN expert team<\/h2><div class='av-subheading av-subheading_below  av-medium-font-size-overwrite av-medium-font-size-16 av-small-font-size-overwrite av-small-font-size-16 av-mini-font-size-overwrite av-mini-font-size-14'><p>With Digitlean you can experience the comfort of real-time performance management and steering. Whether you are working with few employees on one line,<br \/>\nor run hundreds of giant factories around the world, ask our experts for assistance.<\/p>\n<\/div><div class='special-heading-border'><div class='special-heading-inner-border'><\/div><\/div><\/div><\/div><div class='flex_column_table av-2a9z5-b11032efdee2e6c2d42e03bf600bee81 sc-av_one_third av-equal-height-column-flextable'>\n<style type=\"text\/css\" id=\"style-css-av-2a9z5-b11032efdee2e6c2d42e03bf600bee81\">\n#top .flex_column.av-2a9z5-b11032efdee2e6c2d42e03bf600bee81{\nborder-radius:0px;\n-webkit-border-radius:0px;\n-moz-border-radius:0px;\npadding:20px 0px 0px 0px;\n}\n<\/style>\n<div class='flex_column av-2a9z5-b11032efdee2e6c2d42e03bf600bee81 av_one_third  avia-builder-el-4  el_after_av_one_full  el_before_av_one_third  first flex_column_table_cell av-equal-height-column av-align-top column-top-margin'   ><p>\n<style type=\"text\/css\" id=\"style-css-av-kqxqqs4t-43af5c569e96a4d7e266b577cdd709a7\">\n.iconbox.av-kqxqqs4t-43af5c569e96a4d7e266b577cdd709a7 .iconbox_icon{\nbackground-color:#c3f3ff;\ncolor:#41c7ea;\n}\n<\/style>\n<article  class=\"iconbox iconbox_left_content av-kqxqqs4t-43af5c569e96a4d7e266b577cdd709a7  avia-builder-el-5  el_before_av_icon_box  avia-builder-el-first  \"  itemscope=\"itemscope\" itemtype=\"https:\/\/schema.org\/CreativeWork\" ><div class=\"iconbox_icon heading-color\" aria-hidden='true' data-av_icon='\uf101' data-av_iconfont='flaticon'><\/div><div class=\"iconbox_content\"><header class=\"entry-content-header\"><h3 class='iconbox_content_title  '  itemprop=\"headline\" >We analyse and normalise<\/h3><\/header><div class='iconbox_content_container  '  itemprop=\"text\" ><p>DigitLean\u2019s always precise and smart data collection can become valuable only with an adequate set of LEAN KPIs being developed by our Experts on the base of vast experiences on productivity improvement projects.<\/p>\n<\/div><\/div><footer class=\"entry-footer\"><\/footer><\/article><br \/>\n\n<style type=\"text\/css\" id=\"style-css-av-kqxqqs4t-8d98ece34d0aa1bb6974de136580d209\">\n.iconbox.av-kqxqqs4t-8d98ece34d0aa1bb6974de136580d209 .iconbox_icon{\nbackground-color:#c3f3ff;\ncolor:#41c7ea;\n}\n<\/style>\n<article  class=\"iconbox iconbox_left_content av-kqxqqs4t-8d98ece34d0aa1bb6974de136580d209  avia-builder-el-6  el_after_av_icon_box  avia-builder-el-last  \"  itemscope=\"itemscope\" itemtype=\"https:\/\/schema.org\/CreativeWork\" ><div class=\"iconbox_icon heading-color\" aria-hidden='true' data-av_icon='\uf102' data-av_iconfont='flaticon'><\/div><div class=\"iconbox_content\"><header class=\"entry-content-header\"><h3 class='iconbox_content_title  '  itemprop=\"headline\" >Real loss allocation<\/h3><\/header><div class='iconbox_content_container  '  itemprop=\"text\" ><p>Increase efficiency by reducing downtimes and by accelerating organisational response time. OEE provides the right frame for allocating real losses and links the loss to the adequate responsibles.<\/p>\n<\/div><\/div><footer class=\"entry-footer\"><\/footer><\/article><\/p><\/div><div class='av-flex-placeholder'><\/div>\n<style type=\"text\/css\" id=\"style-css-av-1giix-eafbe5f3f8e48db764066a43d4945f20\">\n#top .flex_column.av-1giix-eafbe5f3f8e48db764066a43d4945f20{\nborder-radius:0px;\n-webkit-border-radius:0px;\n-moz-border-radius:0px;\npadding:0px;\n}\n<\/style>\n<div class='flex_column av-1giix-eafbe5f3f8e48db764066a43d4945f20 av_one_third  avia-builder-el-7  el_after_av_one_third  el_before_av_one_third  flex_column_table_cell av-equal-height-column av-align-top av-zero-column-padding column-top-margin'   ><style type=\"text\/css\" id=\"style-css-av-kqxqdolo-f995aa83fa413bf5fbc95503acb41d9c\">\n.avia-image-container.av-kqxqdolo-f995aa83fa413bf5fbc95503acb41d9c .av-image-caption-overlay-center{\ncolor:#ffffff;\n}\n<\/style>\n<div  class='avia-image-container av-kqxqdolo-f995aa83fa413bf5fbc95503acb41d9c av-styling-no-styling avia-align-center  avia-builder-el-8  avia-builder-el-no-sibling  '  itemprop=\"image\" itemscope=\"itemscope\" itemtype=\"https:\/\/schema.org\/ImageObject\" ><div class=\"avia-image-container-inner\"><div class=\"avia-image-overlay-wrap\"><img class='wp-image-277 avia-img-lazy-loading-not-277 avia_image' src=\"https:\/\/digitlean.com\/wp-content\/uploads\/2021\/07\/mockup.png\" alt='' title=''  height=\"358\" width=\"429\"  itemprop=\"thumbnailUrl\" srcset=\"https:\/\/digitlean.com\/wp-content\/uploads\/2021\/07\/mockup.png 429w, https:\/\/digitlean.com\/wp-content\/uploads\/2021\/07\/mockup-300x250.png 300w\" sizes=\"(max-width: 429px) 100vw, 429px\" \/><\/div><\/div><\/div><\/div><div class='av-flex-placeholder'><\/div>\n<style type=\"text\/css\" id=\"style-css-av-ylxd-9946553b62b9c60a70ff32fbbbfee1d8\">\n#top .flex_column.av-ylxd-9946553b62b9c60a70ff32fbbbfee1d8{\nborder-radius:0px;\n-webkit-border-radius:0px;\n-moz-border-radius:0px;\npadding:20px 0px 0px 0px;\n}\n<\/style>\n<div class='flex_column av-ylxd-9946553b62b9c60a70ff32fbbbfee1d8 av_one_third  avia-builder-el-9  el_after_av_one_third  avia-builder-el-last  flex_column_table_cell av-equal-height-column av-align-top column-top-margin'   ><p>\n<style type=\"text\/css\" id=\"style-css-av-kqxqqs4t-f7f1243aecab075e682255a01a30bbff\">\n.iconbox.av-kqxqqs4t-f7f1243aecab075e682255a01a30bbff .iconbox_icon{\nbackground-color:#c3f3ff;\ncolor:#41c7ea;\n}\n<\/style>\n<article  class=\"iconbox iconbox_right_content av-kqxqqs4t-f7f1243aecab075e682255a01a30bbff  avia-builder-el-10  el_before_av_icon_box  avia-builder-el-first  \"  itemscope=\"itemscope\" itemtype=\"https:\/\/schema.org\/CreativeWork\" ><div class=\"iconbox_icon heading-color\" aria-hidden='true' data-av_icon='\uf103' data-av_iconfont='flaticon'><\/div><div class=\"iconbox_content\"><header class=\"entry-content-header\"><h3 class='iconbox_content_title  '  itemprop=\"headline\" >Convenience of efficiency monitoring<\/h3><\/header><div class='iconbox_content_container  '  itemprop=\"text\" ><p>DigitLean accurately measures machine performances and provides accurate real-time time feedbacks locally and remote.<\/p>\n<\/div><\/div><footer class=\"entry-footer\"><\/footer><\/article><br \/>\n\n<style type=\"text\/css\" id=\"style-css-av-kqxqqs4t-d342c70eef7e7f7077f32884611bd5e1\">\n.iconbox.av-kqxqqs4t-d342c70eef7e7f7077f32884611bd5e1 .iconbox_icon{\nbackground-color:#c3f3ff;\ncolor:#41c7ea;\n}\n<\/style>\n<article  class=\"iconbox iconbox_right_content av-kqxqqs4t-d342c70eef7e7f7077f32884611bd5e1  avia-builder-el-11  el_after_av_icon_box  avia-builder-el-last  \"  itemscope=\"itemscope\" itemtype=\"https:\/\/schema.org\/CreativeWork\" ><div class=\"iconbox_icon heading-color\" aria-hidden='true' data-av_icon='\uf104' data-av_iconfont='flaticon'><\/div><div class=\"iconbox_content\"><header class=\"entry-content-header\"><h3 class='iconbox_content_title  '  itemprop=\"headline\" >Get notified always<\/h3><\/header><div class='iconbox_content_container  '  itemprop=\"text\" ><p>Setup a fully customizable notification system so you don\u2019t miss out on anything.<\/p>\n<\/div><\/div><footer class=\"entry-footer\"><\/footer><\/article><\/p><\/div><\/div><!--close column table wrapper. Autoclose: 1 --><\/div><\/div><\/div><!-- close content main div --><\/div><\/div><div id='after_section_1'  class='main_color av_default_container_wrap container_wrap sidebar_right'  ><div class='container av-section-cont-open' ><div class='template-page content  av-content-small alpha units'><div class='post-entry post-entry-type-page post-entry-191'><div class='entry-content-wrapper clearfix'>\n","protected":false},"excerpt":{"rendered":"","protected":false},"author":1,"featured_media":0,"parent":0,"menu_order":0,"comment_status":"closed","ping_status":"closed","template":"","meta":{"inline_featured_image":false},"yoast_head":"<!-- This site is optimized with the Yoast SEO plugin v19.4 - https:\/\/yoast.com\/wordpress\/plugins\/seo\/ -->\n<title>Home - Digitlean<\/title>\n<meta name=\"description\" content=\"A DIGITLEAN seg\u00edts\u00e9g\u00e9vel megtapasztalhatja a val\u00f3s idej\u0171 vezet\u00e9s k\u00e9nyelm\u00e9t. Ak\u00e1r csak n\u00e9h\u00e1ny alkalmazottal dolgozik egy soron, ak\u00e1r t\u00f6bb sz\u00e1z \u00f3ri\u00e1s gy\u00e1rat \u00fczemeltet vil\u00e1gszerte, k\u00e9rje szak\u00e9rt\u0151ink seg\u00edts\u00e9g\u00e9t.\" \/>\n<meta name=\"robots\" content=\"index, follow, max-snippet:-1, max-image-preview:large, max-video-preview:-1\" \/>\n<link rel=\"canonical\" href=\"https:\/\/digitlean.com\/en\/\" \/>\n<meta property=\"og:locale\" content=\"en_US\" \/>\n<meta property=\"og:type\" content=\"article\" \/>\n<meta property=\"og:title\" content=\"Digitlean\" \/>\n<meta property=\"og:description\" content=\"A DIGITLEAN seg\u00edts\u00e9g\u00e9vel megtapasztalhatja a val\u00f3s idej\u0171 vezet\u00e9s k\u00e9nyelm\u00e9t. Ak\u00e1r csak n\u00e9h\u00e1ny alkalmazottal dolgozik egy soron, ak\u00e1r t\u00f6bb sz\u00e1z \u00f3ri\u00e1s gy\u00e1rat \u00fczemeltet vil\u00e1gszerte, k\u00e9rje szak\u00e9rt\u0151ink seg\u00edts\u00e9g\u00e9t.\" \/>\n<meta property=\"og:url\" content=\"https:\/\/digitlean.com\/en\/\" \/>\n<meta property=\"og:site_name\" content=\"Digitlean\" \/>\n<meta property=\"article:modified_time\" content=\"2021-07-28T09:55:37+00:00\" \/>\n<meta property=\"og:image\" content=\"https:\/\/digitlean.com\/wp-content\/uploads\/2021\/07\/digitlean.jpg\" \/>\n\t<meta property=\"og:image:width\" content=\"1200\" \/>\n\t<meta property=\"og:image:height\" content=\"630\" \/>\n\t<meta property=\"og:image:type\" content=\"image\/jpeg\" \/>\n<meta name=\"twitter:card\" content=\"summary_large_image\" \/>\n<meta name=\"twitter:label1\" content=\"Est. reading time\" \/>\n\t<meta name=\"twitter:data1\" content=\"3 minutes\" \/>\n<script type=\"application\/ld+json\" class=\"yoast-schema-graph\">{\"@context\":\"https:\/\/schema.org\",\"@graph\":[{\"@type\":\"WebSite\",\"@id\":\"https:\/\/digitlean.com\/#website\",\"url\":\"https:\/\/digitlean.com\/\",\"name\":\"Digitlean\",\"description\":\"DIGITLEAN a komplex \u00fczleti megold\u00e1s!\",\"potentialAction\":[{\"@type\":\"SearchAction\",\"target\":{\"@type\":\"EntryPoint\",\"urlTemplate\":\"https:\/\/digitlean.com\/?s={search_term_string}\"},\"query-input\":\"required name=search_term_string\"}],\"inLanguage\":\"en-US\"},{\"@type\":\"WebPage\",\"@id\":\"https:\/\/digitlean.com\/en\/\",\"url\":\"https:\/\/digitlean.com\/en\/\",\"name\":\"Home - Digitlean\",\"isPartOf\":{\"@id\":\"https:\/\/digitlean.com\/#website\"},\"datePublished\":\"2021-07-08T09:38:26+00:00\",\"dateModified\":\"2021-07-28T09:55:37+00:00\",\"description\":\"A DIGITLEAN seg\u00edts\u00e9g\u00e9vel megtapasztalhatja a val\u00f3s idej\u0171 vezet\u00e9s k\u00e9nyelm\u00e9t. Ak\u00e1r csak n\u00e9h\u00e1ny alkalmazottal dolgozik egy soron, ak\u00e1r t\u00f6bb sz\u00e1z \u00f3ri\u00e1s gy\u00e1rat \u00fczemeltet vil\u00e1gszerte, k\u00e9rje szak\u00e9rt\u0151ink seg\u00edts\u00e9g\u00e9t.\",\"breadcrumb\":{\"@id\":\"https:\/\/digitlean.com\/en\/#breadcrumb\"},\"inLanguage\":\"en-US\",\"potentialAction\":[{\"@type\":\"ReadAction\",\"target\":[\"https:\/\/digitlean.com\/en\/\"]}]},{\"@type\":\"BreadcrumbList\",\"@id\":\"https:\/\/digitlean.com\/en\/#breadcrumb\",\"itemListElement\":[{\"@type\":\"ListItem\",\"position\":1,\"name\":\"Home\"}]}]}<\/script>\n<!-- \/ Yoast SEO plugin. -->","yoast_head_json":{"title":"Home - Digitlean","description":"A DIGITLEAN seg\u00edts\u00e9g\u00e9vel megtapasztalhatja a val\u00f3s idej\u0171 vezet\u00e9s k\u00e9nyelm\u00e9t. Ak\u00e1r csak n\u00e9h\u00e1ny alkalmazottal dolgozik egy soron, ak\u00e1r t\u00f6bb sz\u00e1z \u00f3ri\u00e1s gy\u00e1rat \u00fczemeltet vil\u00e1gszerte, k\u00e9rje szak\u00e9rt\u0151ink seg\u00edts\u00e9g\u00e9t.","robots":{"index":"index","follow":"follow","max-snippet":"max-snippet:-1","max-image-preview":"max-image-preview:large","max-video-preview":"max-video-preview:-1"},"canonical":"https:\/\/digitlean.com\/en\/","og_locale":"en_US","og_type":"article","og_title":"Digitlean","og_description":"A DIGITLEAN seg\u00edts\u00e9g\u00e9vel megtapasztalhatja a val\u00f3s idej\u0171 vezet\u00e9s k\u00e9nyelm\u00e9t. Ak\u00e1r csak n\u00e9h\u00e1ny alkalmazottal dolgozik egy soron, ak\u00e1r t\u00f6bb sz\u00e1z \u00f3ri\u00e1s gy\u00e1rat \u00fczemeltet vil\u00e1gszerte, k\u00e9rje szak\u00e9rt\u0151ink seg\u00edts\u00e9g\u00e9t.","og_url":"https:\/\/digitlean.com\/en\/","og_site_name":"Digitlean","article_modified_time":"2021-07-28T09:55:37+00:00","og_image":[{"width":1200,"height":630,"url":"https:\/\/digitlean.com\/wp-content\/uploads\/2021\/07\/digitlean.jpg","type":"image\/jpeg"}],"twitter_card":"summary_large_image","twitter_misc":{"Est. reading time":"3 minutes"},"schema":{"@context":"https:\/\/schema.org","@graph":[{"@type":"WebSite","@id":"https:\/\/digitlean.com\/#website","url":"https:\/\/digitlean.com\/","name":"Digitlean","description":"DIGITLEAN a komplex \u00fczleti megold\u00e1s!","potentialAction":[{"@type":"SearchAction","target":{"@type":"EntryPoint","urlTemplate":"https:\/\/digitlean.com\/?s={search_term_string}"},"query-input":"required name=search_term_string"}],"inLanguage":"en-US"},{"@type":"WebPage","@id":"https:\/\/digitlean.com\/en\/","url":"https:\/\/digitlean.com\/en\/","name":"Home - Digitlean","isPartOf":{"@id":"https:\/\/digitlean.com\/#website"},"datePublished":"2021-07-08T09:38:26+00:00","dateModified":"2021-07-28T09:55:37+00:00","description":"A DIGITLEAN seg\u00edts\u00e9g\u00e9vel megtapasztalhatja a val\u00f3s idej\u0171 vezet\u00e9s k\u00e9nyelm\u00e9t. Ak\u00e1r csak n\u00e9h\u00e1ny alkalmazottal dolgozik egy soron, ak\u00e1r t\u00f6bb sz\u00e1z \u00f3ri\u00e1s gy\u00e1rat \u00fczemeltet vil\u00e1gszerte, k\u00e9rje szak\u00e9rt\u0151ink seg\u00edts\u00e9g\u00e9t.","breadcrumb":{"@id":"https:\/\/digitlean.com\/en\/#breadcrumb"},"inLanguage":"en-US","potentialAction":[{"@type":"ReadAction","target":["https:\/\/digitlean.com\/en\/"]}]},{"@type":"BreadcrumbList","@id":"https:\/\/digitlean.com\/en\/#breadcrumb","itemListElement":[{"@type":"ListItem","position":1,"name":"Home"}]}]}},"_links":{"self":[{"href":"https:\/\/digitlean.com\/en\/wp-json\/wp\/v2\/pages\/191"}],"collection":[{"href":"https:\/\/digitlean.com\/en\/wp-json\/wp\/v2\/pages"}],"about":[{"href":"https:\/\/digitlean.com\/en\/wp-json\/wp\/v2\/types\/page"}],"author":[{"embeddable":true,"href":"https:\/\/digitlean.com\/en\/wp-json\/wp\/v2\/users\/1"}],"replies":[{"embeddable":true,"href":"https:\/\/digitlean.com\/en\/wp-json\/wp\/v2\/comments?post=191"}],"version-history":[{"count":4,"href":"https:\/\/digitlean.com\/en\/wp-json\/wp\/v2\/pages\/191\/revisions"}],"predecessor-version":[{"id":232,"href":"https:\/\/digitlean.com\/en\/wp-json\/wp\/v2\/pages\/191\/revisions\/232"}],"wp:attachment":[{"href":"https:\/\/digitlean.com\/en\/wp-json\/wp\/v2\/media?parent=191"}],"curies":[{"name":"wp","href":"https:\/\/api.w.org\/{rel}","templated":true}]}}