{"id":198,"date":"2021-07-08T09:38:45","date_gmt":"2021-07-08T09:38:45","guid":{"rendered":"https:\/\/wp-landing.digitlean.com\/rolunk\/"},"modified":"2021-08-03T07:34:01","modified_gmt":"2021-08-03T07:34:01","slug":"about-us","status":"publish","type":"page","link":"https:\/\/digitlean.com\/en\/about-us\/","title":{"rendered":"About us"},"content":{"rendered":"\n<style type=\"text\/css\" id=\"style-css-av-kqxrow0p-98ffe89883850c48ed3a809ebef12f1e\">\n.avia-section.av-kqxrow0p-98ffe89883850c48ed3a809ebef12f1e{\nbackground-repeat:no-repeat;\nbackground-image:url(https:\/\/digitlean.com\/wp-content\/uploads\/2021\/07\/hatter_1.png);\nbackground-position:center right;\nbackground-attachment:scroll;\n}\n<\/style>\n<div id='av_section_1'  class='avia-section av-kqxrow0p-98ffe89883850c48ed3a809ebef12f1e main_color avia-section-default avia-no-border-styling  avia-builder-el-0  el_before_av_section  avia-builder-el-first  avia-bg-style-scroll  container_wrap sidebar_right'  data-section-bg-repeat='no-repeat'><div class='container av-section-cont-open' ><main  role=\"main\" itemprop=\"mainContentOfPage\"  class='template-page content  av-content-small alpha units'><div class='post-entry post-entry-type-page post-entry-198'><div class='entry-content-wrapper clearfix'>\n\n<style type=\"text\/css\" id=\"style-css-av-2r6md-d66e8084af6c203af2941955ee70e9e3\">\n#top .flex_column.av-2r6md-d66e8084af6c203af2941955ee70e9e3{\nborder-radius:0px;\n-webkit-border-radius:0px;\n-moz-border-radius:0px;\npadding:0px;\n}\n<\/style>\n<div class='flex_column av-2r6md-d66e8084af6c203af2941955ee70e9e3 av_one_full  avia-builder-el-1  el_before_av_one_third  avia-builder-el-first  first flex_column_div av-zero-column-padding '   ><style type=\"text\/css\" id=\"style-css-av-krkcvgmk-23585aec4cf764596d0d7eb320cfbd4f\">\n#top .av-special-heading.av-krkcvgmk-23585aec4cf764596d0d7eb320cfbd4f{\npadding-bottom:10px;\n}\n<\/style>\n<div  class='av-special-heading av-krkcvgmk-23585aec4cf764596d0d7eb320cfbd4f av-special-heading-h1 blockquote modern-quote modern-centered  avia-builder-el-2  avia-builder-el-no-sibling  '><h1 class='av-special-heading-tag '  itemprop=\"headline\"  >Who are behind DIGITLEAN <\/h1><div class='special-heading-border'><div class='special-heading-inner-border'><\/div><\/div><\/div><\/div>\n<style type=\"text\/css\" id=\"style-css-av-1w8ch-3bf93e26f4b07952f8c404a9a15cdf3f\">\n#top .flex_column.av-1w8ch-3bf93e26f4b07952f8c404a9a15cdf3f{\nborder-radius:0px;\n-webkit-border-radius:0px;\n-moz-border-radius:0px;\npadding:0px;\n}\n<\/style>\n<div class='flex_column av-1w8ch-3bf93e26f4b07952f8c404a9a15cdf3f av_one_third  avia-builder-el-3  el_after_av_one_full  el_before_av_one_third  first flex_column_div av-zero-column-padding column-top-margin'   ><p>\n<style type=\"text\/css\" id=\"style-css-av-kqxrps29-203a1918dac7aa7a332f6c1545901ccc\">\n.avia-image-container.av-kqxrps29-203a1918dac7aa7a332f6c1545901ccc .av-image-caption-overlay-center{\ncolor:#ffffff;\n}\n<\/style>\n<div  class='avia-image-container av-kqxrps29-203a1918dac7aa7a332f6c1545901ccc av-styling- avia-align-center  avia-builder-el-4  el_before_av_textblock  avia-builder-el-first  '  itemprop=\"image\" itemscope=\"itemscope\" itemtype=\"https:\/\/schema.org\/ImageObject\" ><div class=\"avia-image-container-inner\"><div class=\"avia-image-overlay-wrap\"><img class='wp-image-280 avia-img-lazy-loading-not-280 avia_image' src=\"https:\/\/digitlean.com\/wp-content\/uploads\/2021\/07\/archamonde_1.png\" alt='' title=''  height=\"273\" width=\"423\"  itemprop=\"thumbnailUrl\" srcset=\"https:\/\/digitlean.com\/wp-content\/uploads\/2021\/07\/archamonde_1.png 423w, https:\/\/digitlean.com\/wp-content\/uploads\/2021\/07\/archamonde_1-300x194.png 300w\" sizes=\"(max-width: 423px) 100vw, 423px\" \/><\/div><\/div><\/div><br \/>\n<section class=\"av_textblock_section \"  itemscope=\"itemscope\" itemtype=\"https:\/\/schema.org\/CreativeWork\" ><div class='avia_textblock  '   itemprop=\"text\" ><h4 style=\"text-align: center;\">Consultants<\/h4>\n<p style=\"text-align: center;\">With years of experience<\/p>\n<\/div><\/section><\/p><\/div>\n<style type=\"text\/css\" id=\"style-css-av-6abx-5306e69caef7b33dbf6fa00285ed75e7\">\n#top .flex_column.av-6abx-5306e69caef7b33dbf6fa00285ed75e7{\nborder-radius:0px;\n-webkit-border-radius:0px;\n-moz-border-radius:0px;\npadding:0px;\n}\n<\/style>\n<div class='flex_column av-6abx-5306e69caef7b33dbf6fa00285ed75e7 av_one_third  avia-builder-el-6  el_after_av_one_third  el_before_av_one_third  flex_column_div av-zero-column-padding column-top-margin'   ><p>\n<style type=\"text\/css\" id=\"style-css-av-kqxrq77b-1cddc6c61aaab43e9d6b627dc81a4c1a\">\n.avia-image-container.av-kqxrq77b-1cddc6c61aaab43e9d6b627dc81a4c1a .av-image-caption-overlay-center{\ncolor:#ffffff;\n}\n<\/style>\n<div  class='avia-image-container av-kqxrq77b-1cddc6c61aaab43e9d6b627dc81a4c1a av-styling- avia-align-center  avia-builder-el-7  el_before_av_textblock  avia-builder-el-first  '  itemprop=\"image\" itemscope=\"itemscope\" itemtype=\"https:\/\/schema.org\/ImageObject\" ><div class=\"avia-image-container-inner\"><div class=\"avia-image-overlay-wrap\"><img class='wp-image-267 avia-img-lazy-loading-not-267 avia_image' src=\"https:\/\/digitlean.com\/wp-content\/uploads\/2021\/07\/Rectangle-19.png\" alt='' title=''  height=\"273\" width=\"423\"  itemprop=\"thumbnailUrl\" srcset=\"https:\/\/digitlean.com\/wp-content\/uploads\/2021\/07\/Rectangle-19.png 423w, https:\/\/digitlean.com\/wp-content\/uploads\/2021\/07\/Rectangle-19-300x194.png 300w\" sizes=\"(max-width: 423px) 100vw, 423px\" \/><\/div><\/div><\/div><br \/>\n<section class=\"av_textblock_section \"  itemscope=\"itemscope\" itemtype=\"https:\/\/schema.org\/CreativeWork\" ><div class='avia_textblock  '   itemprop=\"text\" ><h4 style=\"text-align: center;\">Engineers<\/h4>\n<p style=\"text-align: center;\">Developing HW &amp; SW<\/p>\n<\/div><\/section><\/p><\/div>\n<style type=\"text\/css\" id=\"style-css-av-110cl-cdbb64a74026310de75ccebc082b55ec\">\n#top .flex_column.av-110cl-cdbb64a74026310de75ccebc082b55ec{\nborder-radius:0px;\n-webkit-border-radius:0px;\n-moz-border-radius:0px;\npadding:0px;\n}\n<\/style>\n<div class='flex_column av-110cl-cdbb64a74026310de75ccebc082b55ec av_one_third  avia-builder-el-9  el_after_av_one_third  avia-builder-el-last  flex_column_div av-zero-column-padding column-top-margin'   ><p>\n<style type=\"text\/css\" id=\"style-css-av-kqxrqkdv-b096d4c70b294fff612ea960f8c539f2\">\n.avia-image-container.av-kqxrqkdv-b096d4c70b294fff612ea960f8c539f2 .av-image-caption-overlay-center{\ncolor:#ffffff;\n}\n<\/style>\n<div  class='avia-image-container av-kqxrqkdv-b096d4c70b294fff612ea960f8c539f2 av-styling- avia-align-center  avia-builder-el-10  el_before_av_textblock  avia-builder-el-first  '  itemprop=\"image\" itemscope=\"itemscope\" itemtype=\"https:\/\/schema.org\/ImageObject\" ><div class=\"avia-image-container-inner\"><div class=\"avia-image-overlay-wrap\"><img class='wp-image-281 avia-img-lazy-loading-not-281 avia_image' src=\"https:\/\/digitlean.com\/wp-content\/uploads\/2021\/07\/archamonde_2.png\" alt='' title=''  height=\"273\" width=\"423\"  itemprop=\"thumbnailUrl\" srcset=\"https:\/\/digitlean.com\/wp-content\/uploads\/2021\/07\/archamonde_2.png 423w, https:\/\/digitlean.com\/wp-content\/uploads\/2021\/07\/archamonde_2-300x194.png 300w\" sizes=\"(max-width: 423px) 100vw, 423px\" \/><\/div><\/div><\/div><br \/>\n<section class=\"av_textblock_section \"  itemscope=\"itemscope\" itemtype=\"https:\/\/schema.org\/CreativeWork\" ><div class='avia_textblock  '   itemprop=\"text\" ><h4 style=\"text-align: center;\">Startup<\/h4>\n<p style=\"text-align: center;\">Leading Innovation<\/p>\n<\/div><\/section><\/p><\/div><\/div><\/div><\/main><!-- close content main element --><\/div><\/div>\n<style type=\"text\/css\" id=\"style-css-av-kqxrtbc9-44204a908a25600ec6341cd7198909cd\">\n.avia-section.av-kqxrtbc9-44204a908a25600ec6341cd7198909cd{\nbackground-repeat:no-repeat;\nbackground-image:url(https:\/\/digitlean.com\/wp-content\/uploads\/2021\/07\/hatter_2-1.png);\nbackground-position:center center;\nbackground-attachment:scroll;\n}\n<\/style>\n<div id='av_section_2'  class='avia-section av-kqxrtbc9-44204a908a25600ec6341cd7198909cd main_color avia-section-large avia-no-border-styling  avia-builder-el-12  el_after_av_section  avia-builder-el-last  avia-bg-style-scroll  container_wrap sidebar_right'  data-section-bg-repeat='no-repeat'><div class='container av-section-cont-open' ><div class='template-page content  av-content-small alpha units'><div class='post-entry post-entry-type-page post-entry-198'><div class='entry-content-wrapper clearfix'>\n\n<style type=\"text\/css\" id=\"style-css-av-1gluh-0dae2f8b93fbc471cf50f178097b14ea\">\n#top .flex_column.av-1gluh-0dae2f8b93fbc471cf50f178097b14ea{\nborder-radius:0px;\n-webkit-border-radius:0px;\n-moz-border-radius:0px;\npadding:0px;\n}\n<\/style>\n<div class='flex_column av-1gluh-0dae2f8b93fbc471cf50f178097b14ea av_three_fifth  avia-builder-el-13  el_before_av_two_fifth  avia-builder-el-first  first flex_column_div av-zero-column-padding '   ><\/div>\n<style type=\"text\/css\" id=\"style-css-av-t4mp-1e4869094fdccc5ca2ddb7dd20875535\">\n#top .flex_column.av-t4mp-1e4869094fdccc5ca2ddb7dd20875535{\nborder-radius:10px;\n-webkit-border-radius:10px;\n-moz-border-radius:10px;\npadding:15px;\nbackground-color:rgba(255,255,255,0.6);\n}\n<\/style>\n<div class='flex_column av-t4mp-1e4869094fdccc5ca2ddb7dd20875535 av_two_fifth  avia-builder-el-14  el_after_av_three_fifth  avia-builder-el-last  flex_column_div '   ><style type=\"text\/css\" id=\"style-css-av-kr1s6a1k-2689b72167515e89522ff2eac4336721\">\n#top .avia-icon-list-container.av-kr1s6a1k-2689b72167515e89522ff2eac4336721 .iconlist_icon{\ncolor:#41c7ea;\nbackground-color:#c3f3ff;\n}\n<\/style>\n<div  class='avia-icon-list-container av-kr1s6a1k-2689b72167515e89522ff2eac4336721  avia-builder-el-15  avia-builder-el-no-sibling  '><ul class='avia-icon-list avia_animate_when_almost_visible avia-icon-list-left av-iconlist-big av-kr1s6a1k-2689b72167515e89522ff2eac4336721 avia-iconlist-animate'>\n<li><div class='iconlist_icon av-3x6cl-40d3dd8fbcf0933117e93dda3ea58501 avia-font-flaticon'><span class='iconlist-char ' aria-hidden='true' data-av_icon='\uf105' data-av_iconfont='flaticon'><\/span><\/div><article class=\"article-icon-entry av-iconlist-empty\"  itemscope=\"itemscope\" itemtype=\"https:\/\/schema.org\/CreativeWork\" ><div class='iconlist_content_wrap'><header class=\"entry-content-header\"><h4 class='av_iconlist_title iconlist_title   '  itemprop=\"headline\" >23 years Consulting<\/h4><\/header><div class='iconlist_content  '  itemprop=\"text\" ><\/div><\/div><footer class=\"entry-footer\"><\/footer><\/article><div class='iconlist-timeline'><\/div><\/li>\n<li><div class='iconlist_icon av-32wdp-56d6e2b7f2d49d5804271b7bba34640b avia-font-flaticon'><span class='iconlist-char ' aria-hidden='true' data-av_icon='\uf106' data-av_iconfont='flaticon'><\/span><\/div><article class=\"article-icon-entry av-iconlist-empty\"  itemscope=\"itemscope\" itemtype=\"https:\/\/schema.org\/CreativeWork\" ><div class='iconlist_content_wrap'><header class=\"entry-content-header\"><h4 class='av_iconlist_title iconlist_title   '  itemprop=\"headline\" >10 Industries<\/h4><\/header><div class='iconlist_content  '  itemprop=\"text\" ><\/div><\/div><footer class=\"entry-footer\"><\/footer><\/article><div class='iconlist-timeline'><\/div><\/li>\n<li><div class='iconlist_icon av-953x-0ae89af272455f1cd7a27e9752fa3104 avia-font-flaticon'><span class='iconlist-char ' aria-hidden='true' data-av_icon='\uf107' data-av_iconfont='flaticon'><\/span><\/div><article class=\"article-icon-entry av-iconlist-empty\"  itemscope=\"itemscope\" itemtype=\"https:\/\/schema.org\/CreativeWork\" ><div class='iconlist_content_wrap'><header class=\"entry-content-header\"><h4 class='av_iconlist_title iconlist_title   '  itemprop=\"headline\" >50 Companies<\/h4><\/header><div class='iconlist_content  '  itemprop=\"text\" ><\/div><\/div><footer class=\"entry-footer\"><\/footer><\/article><div class='iconlist-timeline'><\/div><\/li>\n<li><div class='iconlist_icon av-16oz9-a1b76a7c22356ead3c16c59807c9f12a avia-font-flaticon'><span class='iconlist-char ' aria-hidden='true' data-av_icon='\uf108' data-av_iconfont='flaticon'><\/span><\/div><article class=\"article-icon-entry av-iconlist-empty\"  itemscope=\"itemscope\" itemtype=\"https:\/\/schema.org\/CreativeWork\" ><div class='iconlist_content_wrap'><header class=\"entry-content-header\"><h4 class='av_iconlist_title iconlist_title   '  itemprop=\"headline\" >12 Years is Hardware<\/h4><\/header><div class='iconlist_content  '  itemprop=\"text\" ><\/div><\/div><footer class=\"entry-footer\"><\/footer><\/article><div class='iconlist-timeline'><\/div><\/li>\n<li><div class='iconlist_icon av-1nl2x-ebbbef3c9764a87d0dc34256541afafd avia-font-flaticon'><span class='iconlist-char ' aria-hidden='true' data-av_icon='\uf109' data-av_iconfont='flaticon'><\/span><\/div><article class=\"article-icon-entry av-iconlist-empty\"  itemscope=\"itemscope\" itemtype=\"https:\/\/schema.org\/CreativeWork\" ><div class='iconlist_content_wrap'><header class=\"entry-content-header\"><h4 class='av_iconlist_title iconlist_title   '  itemprop=\"headline\" >1,500,000 Lines of Code<\/h4><\/header><div class='iconlist_content  '  itemprop=\"text\" ><\/div><\/div><footer class=\"entry-footer\"><\/footer><\/article><div class='iconlist-timeline'><\/div><\/li>\n<\/ul><\/div><\/div><\/div><\/div><\/div><!-- close content main div --><\/div><\/div><div id='after_section_2'  class='main_color av_default_container_wrap container_wrap sidebar_right'  ><div class='container av-section-cont-open' ><div class='template-page content  av-content-small alpha units'><div class='post-entry post-entry-type-page post-entry-198'><div class='entry-content-wrapper clearfix'><\/p>\n","protected":false},"excerpt":{"rendered":"","protected":false},"author":1,"featured_media":0,"parent":0,"menu_order":0,"comment_status":"closed","ping_status":"closed","template":"","meta":{"inline_featured_image":false},"yoast_head":"<!-- This site is optimized with the Yoast SEO plugin v19.4 - https:\/\/yoast.com\/wordpress\/plugins\/seo\/ -->\n<title>About us - Digitlean<\/title>\n<meta name=\"description\" content=\"Egy egyedi \u00f6sszet\u00e9tel\u0171 csapat kiemelked\u0151 tan\u00e1csad\u00f3u, m\u00e9rn\u00f6ki design \u00e9s fejleszt\u00e9si h\u00e1tt\u00e9rrel. A t\u00f6k\u00e9letes kombin\u00e1ci\u00f3.\" \/>\n<meta name=\"robots\" content=\"index, follow, max-snippet:-1, max-image-preview:large, max-video-preview:-1\" \/>\n<link rel=\"canonical\" href=\"https:\/\/digitlean.com\/en\/about-us\/\" \/>\n<meta property=\"og:locale\" content=\"en_US\" \/>\n<meta property=\"og:type\" content=\"article\" \/>\n<meta property=\"og:title\" content=\"Digitlean\" \/>\n<meta property=\"og:description\" content=\"Egy egyedi \u00f6sszet\u00e9tel\u0171 csapat kiemelked\u0151 tan\u00e1csad\u00f3u, m\u00e9rn\u00f6ki design \u00e9s fejleszt\u00e9si h\u00e1tt\u00e9rrel. A t\u00f6k\u00e9letes kombin\u00e1ci\u00f3.\" \/>\n<meta property=\"og:url\" content=\"https:\/\/digitlean.com\/en\/about-us\/\" \/>\n<meta property=\"og:site_name\" content=\"Digitlean\" \/>\n<meta property=\"article:modified_time\" content=\"2021-08-03T07:34:01+00:00\" \/>\n<meta property=\"og:image\" content=\"https:\/\/digitlean.com\/wp-content\/uploads\/2021\/07\/digitlean.jpg\" \/>\n\t<meta property=\"og:image:width\" content=\"1200\" \/>\n\t<meta property=\"og:image:height\" content=\"630\" \/>\n\t<meta property=\"og:image:type\" content=\"image\/jpeg\" \/>\n<meta name=\"twitter:card\" content=\"summary_large_image\" \/>\n<meta name=\"twitter:label1\" content=\"Est. reading time\" \/>\n\t<meta name=\"twitter:data1\" content=\"3 minutes\" \/>\n<script type=\"application\/ld+json\" class=\"yoast-schema-graph\">{\"@context\":\"https:\/\/schema.org\",\"@graph\":[{\"@type\":\"WebSite\",\"@id\":\"https:\/\/digitlean.com\/#website\",\"url\":\"https:\/\/digitlean.com\/\",\"name\":\"Digitlean\",\"description\":\"DIGITLEAN a komplex \u00fczleti megold\u00e1s!\",\"potentialAction\":[{\"@type\":\"SearchAction\",\"target\":{\"@type\":\"EntryPoint\",\"urlTemplate\":\"https:\/\/digitlean.com\/?s={search_term_string}\"},\"query-input\":\"required name=search_term_string\"}],\"inLanguage\":\"en-US\"},{\"@type\":\"WebPage\",\"@id\":\"https:\/\/digitlean.com\/en\/about-us\/\",\"url\":\"https:\/\/digitlean.com\/en\/about-us\/\",\"name\":\"About us - Digitlean\",\"isPartOf\":{\"@id\":\"https:\/\/digitlean.com\/#website\"},\"datePublished\":\"2021-07-08T09:38:45+00:00\",\"dateModified\":\"2021-08-03T07:34:01+00:00\",\"description\":\"Egy egyedi \u00f6sszet\u00e9tel\u0171 csapat kiemelked\u0151 tan\u00e1csad\u00f3u, m\u00e9rn\u00f6ki design \u00e9s fejleszt\u00e9si h\u00e1tt\u00e9rrel. A t\u00f6k\u00e9letes kombin\u00e1ci\u00f3.\",\"breadcrumb\":{\"@id\":\"https:\/\/digitlean.com\/en\/about-us\/#breadcrumb\"},\"inLanguage\":\"en-US\",\"potentialAction\":[{\"@type\":\"ReadAction\",\"target\":[\"https:\/\/digitlean.com\/en\/about-us\/\"]}]},{\"@type\":\"BreadcrumbList\",\"@id\":\"https:\/\/digitlean.com\/en\/about-us\/#breadcrumb\",\"itemListElement\":[{\"@type\":\"ListItem\",\"position\":1,\"name\":\"About us\"}]}]}<\/script>\n<!-- \/ Yoast SEO plugin. -->","yoast_head_json":{"title":"About us - Digitlean","description":"Egy egyedi \u00f6sszet\u00e9tel\u0171 csapat kiemelked\u0151 tan\u00e1csad\u00f3u, m\u00e9rn\u00f6ki design \u00e9s fejleszt\u00e9si h\u00e1tt\u00e9rrel. A t\u00f6k\u00e9letes kombin\u00e1ci\u00f3.","robots":{"index":"index","follow":"follow","max-snippet":"max-snippet:-1","max-image-preview":"max-image-preview:large","max-video-preview":"max-video-preview:-1"},"canonical":"https:\/\/digitlean.com\/en\/about-us\/","og_locale":"en_US","og_type":"article","og_title":"Digitlean","og_description":"Egy egyedi \u00f6sszet\u00e9tel\u0171 csapat kiemelked\u0151 tan\u00e1csad\u00f3u, m\u00e9rn\u00f6ki design \u00e9s fejleszt\u00e9si h\u00e1tt\u00e9rrel. A t\u00f6k\u00e9letes kombin\u00e1ci\u00f3.","og_url":"https:\/\/digitlean.com\/en\/about-us\/","og_site_name":"Digitlean","article_modified_time":"2021-08-03T07:34:01+00:00","og_image":[{"width":1200,"height":630,"url":"https:\/\/digitlean.com\/wp-content\/uploads\/2021\/07\/digitlean.jpg","type":"image\/jpeg"}],"twitter_card":"summary_large_image","twitter_misc":{"Est. reading time":"3 minutes"},"schema":{"@context":"https:\/\/schema.org","@graph":[{"@type":"WebSite","@id":"https:\/\/digitlean.com\/#website","url":"https:\/\/digitlean.com\/","name":"Digitlean","description":"DIGITLEAN a komplex \u00fczleti megold\u00e1s!","potentialAction":[{"@type":"SearchAction","target":{"@type":"EntryPoint","urlTemplate":"https:\/\/digitlean.com\/?s={search_term_string}"},"query-input":"required name=search_term_string"}],"inLanguage":"en-US"},{"@type":"WebPage","@id":"https:\/\/digitlean.com\/en\/about-us\/","url":"https:\/\/digitlean.com\/en\/about-us\/","name":"About us - Digitlean","isPartOf":{"@id":"https:\/\/digitlean.com\/#website"},"datePublished":"2021-07-08T09:38:45+00:00","dateModified":"2021-08-03T07:34:01+00:00","description":"Egy egyedi \u00f6sszet\u00e9tel\u0171 csapat kiemelked\u0151 tan\u00e1csad\u00f3u, m\u00e9rn\u00f6ki design \u00e9s fejleszt\u00e9si h\u00e1tt\u00e9rrel. A t\u00f6k\u00e9letes kombin\u00e1ci\u00f3.","breadcrumb":{"@id":"https:\/\/digitlean.com\/en\/about-us\/#breadcrumb"},"inLanguage":"en-US","potentialAction":[{"@type":"ReadAction","target":["https:\/\/digitlean.com\/en\/about-us\/"]}]},{"@type":"BreadcrumbList","@id":"https:\/\/digitlean.com\/en\/about-us\/#breadcrumb","itemListElement":[{"@type":"ListItem","position":1,"name":"About us"}]}]}},"_links":{"self":[{"href":"https:\/\/digitlean.com\/en\/wp-json\/wp\/v2\/pages\/198"}],"collection":[{"href":"https:\/\/digitlean.com\/en\/wp-json\/wp\/v2\/pages"}],"about":[{"href":"https:\/\/digitlean.com\/en\/wp-json\/wp\/v2\/types\/page"}],"author":[{"embeddable":true,"href":"https:\/\/digitlean.com\/en\/wp-json\/wp\/v2\/users\/1"}],"replies":[{"embeddable":true,"href":"https:\/\/digitlean.com\/en\/wp-json\/wp\/v2\/comments?post=198"}],"version-history":[{"count":3,"href":"https:\/\/digitlean.com\/en\/wp-json\/wp\/v2\/pages\/198\/revisions"}],"predecessor-version":[{"id":239,"href":"https:\/\/digitlean.com\/en\/wp-json\/wp\/v2\/pages\/198\/revisions\/239"}],"wp:attachment":[{"href":"https:\/\/digitlean.com\/en\/wp-json\/wp\/v2\/media?parent=198"}],"curies":[{"name":"wp","href":"https:\/\/api.w.org\/{rel}","templated":true}]}}