{"id":214,"date":"2021-07-08T09:38:59","date_gmt":"2021-07-08T09:38:59","guid":{"rendered":"https:\/\/wp-landing.digitlean.com\/kapcsolat\/"},"modified":"2021-08-06T09:40:48","modified_gmt":"2021-08-06T09:40:48","slug":"contact","status":"publish","type":"page","link":"https:\/\/digitlean.com\/en\/contact\/","title":{"rendered":"Contact"},"content":{"rendered":"<div id='av_section_1'  class='avia-section av-59w7l-0f7c80acbe2ff754c8f9b83b60adf80d main_color avia-section-default avia-no-border-styling  avia-builder-el-0  el_before_av_section  avia-builder-el-first  avia-bg-style-scroll  container_wrap sidebar_right'  ><div class='container av-section-cont-open' ><main  role=\"main\" itemprop=\"mainContentOfPage\"  class='template-page content  av-content-small alpha units'><div class='post-entry post-entry-type-page post-entry-214'><div class='entry-content-wrapper clearfix'>\n\n<style type=\"text\/css\" id=\"style-css-av-4fzwd-99ee9bb946e35a737c59aa8cde90d184\">\n#top .flex_column.av-4fzwd-99ee9bb946e35a737c59aa8cde90d184{\nborder-radius:0px;\n-webkit-border-radius:0px;\n-moz-border-radius:0px;\npadding:0px;\n}\n<\/style>\n<div class='flex_column av-4fzwd-99ee9bb946e35a737c59aa8cde90d184 av_one_full  avia-builder-el-1  avia-builder-el-no-sibling  first flex_column_div av-zero-column-padding '   ><style type=\"text\/css\" id=\"style-css-av-krag6u7t-8ed0d3775d0ff777d74ce6950be9600d\">\n#top .av-special-heading.av-krag6u7t-8ed0d3775d0ff777d74ce6950be9600d{\npadding-bottom:10px;\nfont-size:50px;\n}\n<\/style>\n<div  class='av-special-heading av-krag6u7t-8ed0d3775d0ff777d74ce6950be9600d av-special-heading-h1 blockquote modern-quote modern-centered  avia-builder-el-2  avia-builder-el-no-sibling  av-inherit-size '><h1 class='av-special-heading-tag  av-medium-font-size-overwrite av-medium-font-size-46 av-small-font-size-overwrite av-small-font-size-38 av-mini-font-size-overwrite av-mini-font-size-28'  itemprop=\"headline\"  >Contact<\/h1><div class='special-heading-border'><div class='special-heading-inner-border'><\/div><\/div><\/div><\/div>\n\n<\/div><\/div><\/main><!-- close content main element --><\/div><\/div>\n<style type=\"text\/css\" id=\"style-css-av-45v31-fef6bce69d020a39f01889bad64150e8\">\n.avia-section.av-45v31-fef6bce69d020a39f01889bad64150e8{\nbackground-repeat:no-repeat;\nbackground-image:url(https:\/\/digitlean.com\/wp-content\/uploads\/2021\/07\/hatter-1.png);\nbackground-position:bottom left;\nbackground-attachment:scroll;\n}\n<\/style>\n<div id='av_section_2'  class='avia-section av-45v31-fef6bce69d020a39f01889bad64150e8 main_color avia-section-large avia-no-border-styling  avia-builder-el-3  el_after_av_section  avia-builder-el-last  avia-bg-style-scroll  container_wrap sidebar_right'  data-section-bg-repeat='no-repeat'><div class='container av-section-cont-open' ><div class='template-page content  av-content-small alpha units'><div class='post-entry post-entry-type-page post-entry-214'><div class='entry-content-wrapper clearfix'>\n\n<style type=\"text\/css\" id=\"style-css-av-3634d-bb9210ae0abb781ab190e8ac3263d9d8\">\n#top .flex_column.av-3634d-bb9210ae0abb781ab190e8ac3263d9d8{\nborder-radius:0px;\n-webkit-border-radius:0px;\n-moz-border-radius:0px;\npadding:0px;\n}\n<\/style>\n<div class='flex_column av-3634d-bb9210ae0abb781ab190e8ac3263d9d8 av_one_half  avia-builder-el-4  el_before_av_one_half  avia-builder-el-first  first flex_column_div av-zero-column-padding '   ><p>\n<style type=\"text\/css\" id=\"style-css-av-1ib45-dc50b6746a9289be8cb66e9cf882a9e4\">\n#top .av-special-heading.av-1ib45-dc50b6746a9289be8cb66e9cf882a9e4{\npadding-bottom:10px;\n}\n<\/style>\n<div  class='av-special-heading av-1ib45-dc50b6746a9289be8cb66e9cf882a9e4 av-special-heading-h2 blockquote modern-quote  avia-builder-el-5  el_before_av_iconlist  avia-builder-el-first  '><h2 class='av-special-heading-tag '  itemprop=\"headline\"  >Contact information<\/h2><div class='special-heading-border'><div class='special-heading-inner-border'><\/div><\/div><\/div><br \/>\n\n<style type=\"text\/css\" id=\"style-css-av-kqxu2d6k-2c7ba8a0b61c1259a573208e99f8726a\">\n#top .avia-icon-list-container.av-kqxu2d6k-2c7ba8a0b61c1259a573208e99f8726a .iconlist_icon{\ncolor:#121c45;\nfont-size:16px;\n}\n#top #wrap_all .avia-icon-list-container.av-kqxu2d6k-2c7ba8a0b61c1259a573208e99f8726a .av_iconlist_title{\ncolor:#121c45;\nfont-size:16px;\n}\n<\/style>\n<div  class='avia-icon-list-container av-kqxu2d6k-2c7ba8a0b61c1259a573208e99f8726a  avia-builder-el-6  el_after_av_heading  el_before_av_codeblock  '><ul class='avia-icon-list avia_animate_when_almost_visible avia-icon-list-left av-iconlist-small av-kqxu2d6k-2c7ba8a0b61c1259a573208e99f8726a avia-iconlist-animate'>\n<li><div class='iconlist_icon av-1hbup-c08650ffd82c2116805c3f9e3013b15a avia-font-entypo-fontello'><span class='iconlist-char ' aria-hidden='true' data-av_icon='\ue842' data-av_iconfont='entypo-fontello'><\/span><\/div><article class=\"article-icon-entry av-iconlist-empty\"  itemscope=\"itemscope\" itemtype=\"https:\/\/schema.org\/CreativeWork\" ><div class='iconlist_content_wrap'><header class=\"entry-content-header\"><div class='av_iconlist_title iconlist_title_small  av_inherit_color  av-medium-font-size-overwrite av-medium-font-size-16'  itemprop=\"headline\" >6000 Kecskem\u00e9t, M\u00e1rcius 15. utca 94 3\/38<\/div><\/header><div class='iconlist_content  '  itemprop=\"text\" ><\/div><\/div><footer class=\"entry-footer\"><\/footer><\/article><div class='iconlist-timeline'><\/div><\/li>\n<li><div class='iconlist_icon av-1kt5t-71274e13e3fa322d319555f3b9716506 avia-font-entypo-fontello'><span class='iconlist-char ' aria-hidden='true' data-av_icon='\ue805' data-av_iconfont='entypo-fontello'><\/span><\/div><article class=\"article-icon-entry av-iconlist-empty\"  itemscope=\"itemscope\" itemtype=\"https:\/\/schema.org\/CreativeWork\" ><div class='iconlist_content_wrap'><header class=\"entry-content-header\"><div class='av_iconlist_title iconlist_title_small  av_inherit_color  av-medium-font-size-overwrite av-medium-font-size-16'  itemprop=\"headline\" ><a href='mailto:mailto:info@wp-landing.digitlean.com' title='info@digitlean.com'>info@digitlean.com<\/a><\/div><\/header><div class='iconlist_content  '  itemprop=\"text\" ><\/div><\/div><footer class=\"entry-footer\"><\/footer><\/article><div class='iconlist-timeline'><\/div><\/li>\n<li><div class='iconlist_icon av-138zh-f526ed37a6d4a6f0b6393622234b356f avia-font-entypo-fontello'><span class='iconlist-char ' aria-hidden='true' data-av_icon='\ue854' data-av_iconfont='entypo-fontello'><\/span><\/div><article class=\"article-icon-entry av-iconlist-empty\"  itemscope=\"itemscope\" itemtype=\"https:\/\/schema.org\/CreativeWork\" ><div class='iconlist_content_wrap'><header class=\"entry-content-header\"><div class='av_iconlist_title iconlist_title_small  av_inherit_color  av-medium-font-size-overwrite av-medium-font-size-16'  itemprop=\"headline\" >+36204169675<\/div><\/header><div class='iconlist_content  '  itemprop=\"text\" ><\/div><\/div><footer class=\"entry-footer\"><\/footer><\/article><div class='iconlist-timeline'><\/div><\/li>\n<\/ul><\/div><br \/>\n<\/p><\/div>\n<style type=\"text\/css\" id=\"style-css-av-ocet-76bcfdf2048020ef3ed0a25d8b7dc356\">\n#top .flex_column.av-ocet-76bcfdf2048020ef3ed0a25d8b7dc356{\nborder-radius:0px;\n-webkit-border-radius:0px;\n-moz-border-radius:0px;\npadding:0px;\n}\n<\/style>\n<div class='flex_column av-ocet-76bcfdf2048020ef3ed0a25d8b7dc356 av_one_half  avia-builder-el-8  el_after_av_one_half  el_before_av_hr  flex_column_div av-zero-column-padding '   ><p>\n<style type=\"text\/css\" id=\"style-css-av-14nzl-887479a56fe846aa441231efbb27c123\">\n#top .av-special-heading.av-14nzl-887479a56fe846aa441231efbb27c123{\npadding-bottom:10px;\n}\n<\/style>\n<div  class='av-special-heading av-14nzl-887479a56fe846aa441231efbb27c123 av-special-heading-h2 blockquote modern-quote  avia-builder-el-9  el_before_av_hr  avia-builder-el-first  '><h2 class='av-special-heading-tag '  itemprop=\"headline\"  >Do you have questions?<\/h2><div class='special-heading-border'><div class='special-heading-inner-border'><\/div><\/div><\/div><br \/>\n\n<style type=\"text\/css\" id=\"style-css-av-kqxub9x3-4a2d4de1f665815eca48dd38e0906472\">\n.hr.av-kqxub9x3-4a2d4de1f665815eca48dd38e0906472{\nheight:25px;\n}\n<\/style>\n<div  class='hr av-kqxub9x3-4a2d4de1f665815eca48dd38e0906472 hr-invisible  avia-builder-el-10  el_after_av_heading  el_before_av_contact  '><span class='hr-inner '><span class=\"hr-inner-style\"><\/span><\/span><\/div><br \/>\n<form action=\"https:\/\/digitlean.com\/en\/contact\/\" method=\"post\"  class=\"avia_ajax_form av-form-labels-hidden   avia-builder-el-11  el_after_av_hr  avia-builder-el-last  av-custom-form-color av-dark-form \" data-avia-form-id=\"1\" data-avia-redirect='' ><fieldset><p class='  first_form  form_element form_fullwidth' id='element_avia_1_1'><label for=\"avia_1_1\">Name <abbr class=\"required\" title=\"required\">*<\/abbr><\/label> <input name=\"avia_1_1\" class=\"text_input is_empty\" type=\"text\" id=\"avia_1_1\" value=\"\"  placeholder='Name*'\/><\/p><p class='  first_form  form_element form_fullwidth' id='element_avia_2_1'><label for=\"avia_2_1\">E-Mail <abbr class=\"required\" title=\"required\">*<\/abbr><\/label> <input name=\"avia_2_1\" class=\"text_input is_email\" type=\"text\" id=\"avia_2_1\" value=\"\"  placeholder='E-Mail*'\/><\/p><p class='  first_form  form_element form_fullwidth' id='element_avia_3_1'><label for=\"avia_3_1\">Phone number <abbr class=\"required\" title=\"required\">*<\/abbr><\/label> <input name=\"avia_3_1\" class=\"text_input is_empty\" type=\"text\" id=\"avia_3_1\" value=\"\"  placeholder='Phone number*'\/><\/p><p class='  first_form  form_element form_fullwidth' id='element_avia_4_1'><label for=\"avia_4_1\" class=\"textare_label hidden textare_label_avia_4_1\">Message <abbr class=\"required\" title=\"required\">*<\/abbr><\/label><textarea  placeholder='Message*' name=\"avia_4_1\" class=\"text_area is_empty\" cols=\"40\" rows=\"7\" id=\"avia_4_1\" ><\/textarea><\/p><p class=' first_form  form_element form_fullwidth' id='element_avia_5_1'>    <input  name=\"avia_5_1\" class=\"input_checkbox is_empty\" type=\"checkbox\" id=\"avia_5_1\" value=\"true\"\/><label class=\"input_checkbox_label\" for=\"avia_5_1\">I have read and accepted the Privacy policy. <abbr class=\"required\" title=\"required\">*<\/abbr><\/label><\/p><p class=\"hidden\"><input type=\"text\" name=\"avia_6_1\" class=\"hidden \" id=\"avia_6_1\" value=\"\" \/><\/p><p class='   form_element form_fullwidth' id='element_avia_7_1'><span class='value_verifier_label'>2 + 0 = ?<\/span><input name=\"avia_7_1_verifier\" type=\"hidden\" id=\"avia_7_1_verifier\" value=\"877623834\"\/><label for=\"avia_7_1\">Please prove that you are human by solving the equation <abbr class=\"required\" title=\"required\">*<\/abbr><\/label><input name=\"avia_7_1\" class=\"text_input captcha\" type=\"text\" id=\"avia_7_1\" value=\"\"\/><\/p><p class=\"form_element \"><input type=\"hidden\" value=\"1\" name=\"avia_generated_form1\" \/><input type=\"submit\" value=\"Send\" class=\"button\"  data-sending-label=\"Sending\"\/><\/p><\/fieldset><\/form><div id=\"ajaxresponse_1\" class=\"ajaxresponse ajaxresponse_1 hidden\"><\/div><\/p><\/div>\n<style type=\"text\/css\" id=\"style-css-av-kqxugmvs-e28a6236919910c253a977d27ca7d3df\">\n.hr.av-kqxugmvs-e28a6236919910c253a977d27ca7d3df{\nheight:50px;\n}\n<\/style>\n<div  class='hr av-kqxugmvs-e28a6236919910c253a977d27ca7d3df hr-invisible  avia-builder-el-12  el_after_av_one_half  avia-builder-el-last  '><span class='hr-inner '><span class=\"hr-inner-style\"><\/span><\/span><\/div>\n<\/div><\/div><\/div><!-- close content main div --><\/div><\/div><div id='after_section_2'  class='main_color av_default_container_wrap container_wrap sidebar_right'  ><div class='container av-section-cont-open' ><div class='template-page content  av-content-small alpha units'><div class='post-entry post-entry-type-page post-entry-214'><div class='entry-content-wrapper clearfix'>\n","protected":false},"excerpt":{"rendered":"","protected":false},"author":1,"featured_media":0,"parent":0,"menu_order":0,"comment_status":"closed","ping_status":"closed","template":"","meta":{"inline_featured_image":false},"yoast_head":"<!-- This site is optimized with the Yoast SEO plugin v19.4 - https:\/\/yoast.com\/wordpress\/plugins\/seo\/ -->\n<title>Contact - Digitlean<\/title>\n<meta name=\"description\" content=\"Vegye fel vel\u00fcnk a kapcsolatot al\u00e1bbi el\u00e9rhet\u0151s\u00e9geink egyik\u00e9n. \u00cdrjon nek\u00fcnk levelet vagy keressen minket telefonon!\" \/>\n<meta name=\"robots\" content=\"index, follow, max-snippet:-1, max-image-preview:large, max-video-preview:-1\" \/>\n<link rel=\"canonical\" href=\"https:\/\/digitlean.com\/en\/contact\/\" \/>\n<meta property=\"og:locale\" content=\"en_US\" \/>\n<meta property=\"og:type\" content=\"article\" \/>\n<meta property=\"og:title\" content=\"Contact\" \/>\n<meta property=\"og:description\" content=\"Vegye fel vel\u00fcnk a kapcsolatot al\u00e1bbi el\u00e9rhet\u0151s\u00e9geink egyik\u00e9n. \u00cdrjon nek\u00fcnk levelet vagy keressen minket telefonon!\" \/>\n<meta property=\"og:url\" content=\"https:\/\/digitlean.com\/en\/contact\/\" \/>\n<meta property=\"og:site_name\" content=\"Digitlean\" \/>\n<meta property=\"article:modified_time\" content=\"2021-08-06T09:40:48+00:00\" \/>\n<meta property=\"og:image\" content=\"https:\/\/digitlean.com\/wp-content\/uploads\/2021\/07\/digitlean.jpg\" \/>\n\t<meta property=\"og:image:width\" content=\"1200\" \/>\n\t<meta property=\"og:image:height\" content=\"630\" \/>\n\t<meta property=\"og:image:type\" content=\"image\/jpeg\" \/>\n<meta name=\"twitter:card\" content=\"summary_large_image\" \/>\n<meta name=\"twitter:label1\" content=\"Est. reading time\" \/>\n\t<meta name=\"twitter:data1\" content=\"3 minutes\" \/>\n<script type=\"application\/ld+json\" class=\"yoast-schema-graph\">{\"@context\":\"https:\/\/schema.org\",\"@graph\":[{\"@type\":\"WebSite\",\"@id\":\"https:\/\/digitlean.com\/#website\",\"url\":\"https:\/\/digitlean.com\/\",\"name\":\"Digitlean\",\"description\":\"DIGITLEAN a komplex \u00fczleti megold\u00e1s!\",\"potentialAction\":[{\"@type\":\"SearchAction\",\"target\":{\"@type\":\"EntryPoint\",\"urlTemplate\":\"https:\/\/digitlean.com\/?s={search_term_string}\"},\"query-input\":\"required name=search_term_string\"}],\"inLanguage\":\"en-US\"},{\"@type\":\"WebPage\",\"@id\":\"https:\/\/digitlean.com\/en\/contact\/\",\"url\":\"https:\/\/digitlean.com\/en\/contact\/\",\"name\":\"Contact - Digitlean\",\"isPartOf\":{\"@id\":\"https:\/\/digitlean.com\/#website\"},\"datePublished\":\"2021-07-08T09:38:59+00:00\",\"dateModified\":\"2021-08-06T09:40:48+00:00\",\"description\":\"Vegye fel vel\u00fcnk a kapcsolatot al\u00e1bbi el\u00e9rhet\u0151s\u00e9geink egyik\u00e9n. \u00cdrjon nek\u00fcnk levelet vagy keressen minket telefonon!\",\"breadcrumb\":{\"@id\":\"https:\/\/digitlean.com\/en\/contact\/#breadcrumb\"},\"inLanguage\":\"en-US\",\"potentialAction\":[{\"@type\":\"ReadAction\",\"target\":[\"https:\/\/digitlean.com\/en\/contact\/\"]}]},{\"@type\":\"BreadcrumbList\",\"@id\":\"https:\/\/digitlean.com\/en\/contact\/#breadcrumb\",\"itemListElement\":[{\"@type\":\"ListItem\",\"position\":1,\"name\":\"Contact\"}]}]}<\/script>\n<!-- \/ Yoast SEO plugin. -->","yoast_head_json":{"title":"Contact - Digitlean","description":"Vegye fel vel\u00fcnk a kapcsolatot al\u00e1bbi el\u00e9rhet\u0151s\u00e9geink egyik\u00e9n. \u00cdrjon nek\u00fcnk levelet vagy keressen minket telefonon!","robots":{"index":"index","follow":"follow","max-snippet":"max-snippet:-1","max-image-preview":"max-image-preview:large","max-video-preview":"max-video-preview:-1"},"canonical":"https:\/\/digitlean.com\/en\/contact\/","og_locale":"en_US","og_type":"article","og_title":"Contact","og_description":"Vegye fel vel\u00fcnk a kapcsolatot al\u00e1bbi el\u00e9rhet\u0151s\u00e9geink egyik\u00e9n. \u00cdrjon nek\u00fcnk levelet vagy keressen minket telefonon!","og_url":"https:\/\/digitlean.com\/en\/contact\/","og_site_name":"Digitlean","article_modified_time":"2021-08-06T09:40:48+00:00","og_image":[{"width":1200,"height":630,"url":"https:\/\/digitlean.com\/wp-content\/uploads\/2021\/07\/digitlean.jpg","type":"image\/jpeg"}],"twitter_card":"summary_large_image","twitter_misc":{"Est. reading time":"3 minutes"},"schema":{"@context":"https:\/\/schema.org","@graph":[{"@type":"WebSite","@id":"https:\/\/digitlean.com\/#website","url":"https:\/\/digitlean.com\/","name":"Digitlean","description":"DIGITLEAN a komplex \u00fczleti megold\u00e1s!","potentialAction":[{"@type":"SearchAction","target":{"@type":"EntryPoint","urlTemplate":"https:\/\/digitlean.com\/?s={search_term_string}"},"query-input":"required name=search_term_string"}],"inLanguage":"en-US"},{"@type":"WebPage","@id":"https:\/\/digitlean.com\/en\/contact\/","url":"https:\/\/digitlean.com\/en\/contact\/","name":"Contact - Digitlean","isPartOf":{"@id":"https:\/\/digitlean.com\/#website"},"datePublished":"2021-07-08T09:38:59+00:00","dateModified":"2021-08-06T09:40:48+00:00","description":"Vegye fel vel\u00fcnk a kapcsolatot al\u00e1bbi el\u00e9rhet\u0151s\u00e9geink egyik\u00e9n. \u00cdrjon nek\u00fcnk levelet vagy keressen minket telefonon!","breadcrumb":{"@id":"https:\/\/digitlean.com\/en\/contact\/#breadcrumb"},"inLanguage":"en-US","potentialAction":[{"@type":"ReadAction","target":["https:\/\/digitlean.com\/en\/contact\/"]}]},{"@type":"BreadcrumbList","@id":"https:\/\/digitlean.com\/en\/contact\/#breadcrumb","itemListElement":[{"@type":"ListItem","position":1,"name":"Contact"}]}]}},"_links":{"self":[{"href":"https:\/\/digitlean.com\/en\/wp-json\/wp\/v2\/pages\/214"}],"collection":[{"href":"https:\/\/digitlean.com\/en\/wp-json\/wp\/v2\/pages"}],"about":[{"href":"https:\/\/digitlean.com\/en\/wp-json\/wp\/v2\/types\/page"}],"author":[{"embeddable":true,"href":"https:\/\/digitlean.com\/en\/wp-json\/wp\/v2\/users\/1"}],"replies":[{"embeddable":true,"href":"https:\/\/digitlean.com\/en\/wp-json\/wp\/v2\/comments?post=214"}],"version-history":[{"count":4,"href":"https:\/\/digitlean.com\/en\/wp-json\/wp\/v2\/pages\/214\/revisions"}],"predecessor-version":[{"id":253,"href":"https:\/\/digitlean.com\/en\/wp-json\/wp\/v2\/pages\/214\/revisions\/253"}],"wp:attachment":[{"href":"https:\/\/digitlean.com\/en\/wp-json\/wp\/v2\/media?parent=214"}],"curies":[{"name":"wp","href":"https:\/\/api.w.org\/{rel}","templated":true}]}}